{"id":23266,"date":"2021-07-09T09:46:28","date_gmt":"2021-07-09T09:46:28","guid":{"rendered":"https:\/\/www.jophielle.com.tr\/?page_id=23266"},"modified":"2021-07-09T09:49:52","modified_gmt":"2021-07-09T09:49:52","slug":"entegre-yonetim-sistemi-politikasi","status":"publish","type":"page","link":"https:\/\/www.jophielle.com.tr\/en\/entegre-yonetim-sistemi-politikasi\/","title":{"rendered":"INTEGRATED MANAGEMENT SYSTEM POLICY"},"content":{"rendered":"<ul><li>To produce in accordance with legal regulations <\/li><li>To ensure maximum customer satisfaction, to receive and meet customer expectations and requests correctly<\/li><li>To provide products of the same quality every time by ensuring product standardization <\/li><li>To continuously improve our R&amp;D and production processes <\/li><li>To increase our market share and competitiveness in our sector<\/li><li>Communicating with all relevant parties and sharing information when necessary,<\/li><li>To prevent environmental pollution, to reduce waste, to recycle as much as possible, to dispose of non-recyclable wastes without harming the environment,<\/li><li>To ensure continuous improvement and development in our processes,<\/li><li>To continuously improve our employees,<\/li><\/ul>\n\n\n\n<p style=\"text-align:right\">Chairman of the Board<\/p>\n\n\n\n<p style=\"text-align:right\">\u015eeyda ATABAY<\/p>\n\n\n\n<div class=\"wp-block-image\"><figure class=\"alignright is-resized\"><img loading=\"lazy\" decoding=\"async\" src=\"https:\/\/www.jophielle.com.tr\/wp-content\/uploads\/2021\/07\/imza-mesela.png\" alt=\"\" class=\"wp-image-23269\" width=\"189\" height=\"129\" srcset=\"https:\/\/www.jophielle.com.tr\/wp-content\/uploads\/2021\/07\/imza-mesela.png 375w, https:\/\/www.jophielle.com.tr\/wp-content\/uploads\/2021\/07\/imza-mesela-300x205.png 300w, https:\/\/www.jophielle.com.tr\/wp-content\/uploads\/2021\/07\/imza-mesela-150x102.png 150w\" sizes=\"(max-width: 189px) 100vw, 189px\" \/><\/figure><\/div>","protected":false},"excerpt":{"rendered":"<p>Yasal mevzuatlara uygun \u00fcretim yapmak, Maksimum m\u00fc\u015fteri memnuniyeti sa\u011flamak m\u00fc\u015fteri beklenti ve isteklerini do\u011fru \u015fekilde almak ve kar\u015f\u0131lamak, \u00dcr\u00fcn standardizasyonunu sa\u011flayarak her seferinde ayn\u0131 kalitede \u00fcr\u00fcnler sunmak, Ar-Ge ve \u00fcretim s\u00fcre\u00e7lerimizi s\u00fcrekli geli\u015ftirmek, Sekt\u00f6r\u00fcm\u00fczde pazar pay\u0131m\u0131z\u0131 ve rekabet g\u00fcc\u00fcm\u00fcz\u00fc artt\u0131rmak,<\/p>","protected":false},"author":3,"featured_media":0,"parent":0,"menu_order":0,"comment_status":"closed","ping_status":"closed","template":"","meta":{"footnotes":""},"_links":{"self":[{"href":"https:\/\/www.jophielle.com.tr\/en\/wp-json\/wp\/v2\/pages\/23266"}],"collection":[{"href":"https:\/\/www.jophielle.com.tr\/en\/wp-json\/wp\/v2\/pages"}],"about":[{"href":"https:\/\/www.jophielle.com.tr\/en\/wp-json\/wp\/v2\/types\/page"}],"author":[{"embeddable":true,"href":"https:\/\/www.jophielle.com.tr\/en\/wp-json\/wp\/v2\/users\/3"}],"replies":[{"embeddable":true,"href":"https:\/\/www.jophielle.com.tr\/en\/wp-json\/wp\/v2\/comments?post=23266"}],"version-history":[{"count":2,"href":"https:\/\/www.jophielle.com.tr\/en\/wp-json\/wp\/v2\/pages\/23266\/revisions"}],"predecessor-version":[{"id":23273,"href":"https:\/\/www.jophielle.com.tr\/en\/wp-json\/wp\/v2\/pages\/23266\/revisions\/23273"}],"wp:attachment":[{"href":"https:\/\/www.jophielle.com.tr\/en\/wp-json\/wp\/v2\/media?parent=23266"}],"curies":[{"name":"wp","href":"https:\/\/api.w.org\/{rel}","templated":true}]}}