{"id":53,"date":"2018-05-29T05:57:46","date_gmt":"2018-05-29T05:57:46","guid":{"rendered":"http:\/\/demo.roadthemes.com\/makali\/?page_id=53"},"modified":"2023-12-06T14:22:07","modified_gmt":"2023-12-06T14:22:07","slug":"kurumsal","status":"publish","type":"page","link":"https:\/\/www.jophielle.com.tr\/en\/kurumsal\/","title":{"rendered":"About Us"},"content":{"rendered":"<div class=\"vc_row wpb_row vc_row-fluid about-what-we-do\"><div class=\"row-container\"><div class=\"wpb_column vc_column_container vc_col-sm-6\"><div class=\"vc_column-inner\"><div class=\"wpb_wrapper\">\n\t<div class=\"wpb_text_column wpb_content_element\" >\n\t\t<div class=\"wpb_wrapper\">\n\t\t\t<p><strong>About us <\/strong><\/p>\n<p>Dr. \u015eeyda Atabay Health and Cosmetic Products Inc. was founded in 2018 in Izmir. Our company's products have been developed in our R&amp;D laboratories by expert Chemical Engineers and Chemists under the leadership of Op. Dr. \u015eeyda Atabay. Jophielle Angel\u2019s Light is an innovative Dermo-Cosmetic brand. In order to meet the needs and desires of individuals, it has a team that is knowledgeable in their field, dedicated to their work, and passionate about what they do.<\/p>\n<p><strong>Our Values<\/strong><\/p>\n<p>\u00bb We respect the environment, nature, and humanity.<\/p>\n<p>\u00bb We are aware of our responsibilities.<\/p>\n<p>\u00bb With our inquisitive spirit, we produce innovative and scientifically based products.<\/p>\n<p>\u00bb We strive for sustainable quality.<\/p>\n<p>\u00bb We offer high efficacy and clean content products to the dermo-cosmetic industry.<\/p>\n\n\t\t<\/div>\n\t<\/div>\n<\/div><\/div><\/div><div class=\"wpb_column vc_column_container vc_col-sm-6\"><div class=\"vc_column-inner\"><div class=\"wpb_wrapper\">\n\t<div class=\"wpb_text_column wpb_content_element\" >\n\t\t<div class=\"wpb_wrapper\">\n\t\t\t<p><strong>Our mission<\/strong><\/p>\n<p>With an environmentally friendly production approach, our mission is to create high-quality products that exceed customer expectations by offering value beyond, and to develop a dermo-cosmetic understanding that is natural, healthy, reliable, and effective. Ensuring one hundred percent customer satisfaction, our goal is to continuously grow towards the same objective as our domestic and international suppliers and to sustain this growth.<\/p>\n<p><strong>Our Vision<\/strong><\/p>\n<p>To be a leading company in the industry that creates conscious consumer awareness by making skincare routines an integral part of overall health routines, enables the continuous development of its employees, internalizes the philosophy of innovation, and collaborates with stakeholders to create sustainable value.<\/p>\n\n\t\t<\/div>\n\t<\/div>\n<\/div><\/div><\/div><\/div><\/div>","protected":false},"excerpt":{"rendered":"Hakk\u0131m\u0131zda Dr. \u015eeyda Atabay Sa\u011fl\u0131k ve Kozmetik \u00dcr\u00fcnleri A.\u015e 2018 y\u0131l\u0131nda \u0130zmir\u2019de kurulmu\u015ftur. Firmam\u0131z \u00fcr\u00fcnleri; Op. Dr. \u015eeyda Atabay \u00f6nderli\u011finde alan\u0131nda uzman Kimya M\u00fchendisleri ve Kimyagerler taraf\u0131ndan AR&amp;GE Laboratuvarlar\u0131m\u0131zda geli\u015ftirilmi\u015ftir. Jophielle Angel\u2019s Light, yenilik\u00e7i bir Dermo-Kozmetik markas\u0131d\u0131r. Ki\u015filerin ihtiya\u00e7 ve","protected":false},"author":3,"featured_media":0,"parent":0,"menu_order":0,"comment_status":"closed","ping_status":"closed","template":"page-templates\/about-page.php","meta":{"footnotes":""},"_links":{"self":[{"href":"https:\/\/www.jophielle.com.tr\/en\/wp-json\/wp\/v2\/pages\/53"}],"collection":[{"href":"https:\/\/www.jophielle.com.tr\/en\/wp-json\/wp\/v2\/pages"}],"about":[{"href":"https:\/\/www.jophielle.com.tr\/en\/wp-json\/wp\/v2\/types\/page"}],"author":[{"embeddable":true,"href":"https:\/\/www.jophielle.com.tr\/en\/wp-json\/wp\/v2\/users\/3"}],"replies":[{"embeddable":true,"href":"https:\/\/www.jophielle.com.tr\/en\/wp-json\/wp\/v2\/comments?post=53"}],"version-history":[{"count":15,"href":"https:\/\/www.jophielle.com.tr\/en\/wp-json\/wp\/v2\/pages\/53\/revisions"}],"predecessor-version":[{"id":54411,"href":"https:\/\/www.jophielle.com.tr\/en\/wp-json\/wp\/v2\/pages\/53\/revisions\/54411"}],"wp:attachment":[{"href":"https:\/\/www.jophielle.com.tr\/en\/wp-json\/wp\/v2\/media?parent=53"}],"curies":[{"name":"wp","href":"https:\/\/api.w.org\/{rel}","templated":true}]}}