{"id":61,"date":"2018-05-29T06:00:53","date_gmt":"2018-05-29T06:00:53","guid":{"rendered":"http:\/\/demo.roadthemes.com\/makali\/?page_id=61"},"modified":"2026-02-09T13:28:34","modified_gmt":"2026-02-09T13:28:34","slug":"iletisim","status":"publish","type":"page","link":"https:\/\/www.jophielle.com.tr\/en\/iletisim\/","title":{"rendered":"Contact"},"content":{"rendered":"<div data-vc-full-width=\"true\" data-vc-full-width-init=\"false\" data-vc-stretch-content=\"true\" class=\"vc_row wpb_row vc_row-fluid vc_row-no-padding\"><div class=\"row-container\"><div class=\"wpb_column vc_column_container vc_col-sm-12\"><div class=\"vc_column-inner\"><div class=\"wpb_wrapper\"><div class=\"wpb_gmaps_widget wpb_content_element\"><div class=\"wpb_wrapper\"><div class=\"wpb_map_wraper\"><iframe loading=\"lazy\" src=\"https:\/\/www.google.com\/maps\/embed?pb=!1m18!1m12!1m3!1d12496.603374074088!2d27.163424787588813!3d38.46107872264504!2m3!1f0!2f0!3f0!3m2!1i1024!2i768!4f13.1!3m3!1m2!1s0x14bbd8577d4633b5%3A0xf9cd8b66808c1ed4!2sFolkart!5e0!3m2!1str!2str!4v1570627729375!5m2!1str!2str\" width=\"600\" height=\"450\" frameborder=\"0\" style=\"border:0;\" allowfullscreen=\"\"><\/iframe><\/div><\/div><\/div><\/div><\/div><\/div><\/div><\/div><div class=\"vc_row-full-width vc_clearfix\"><\/div><div class=\"vc_row wpb_row vc_row-fluid\"><div class=\"row-container\"><div class=\"contact-text wpb_column vc_column_container vc_col-sm-12 vc_col-lg-3 vc_col-md-3\"><div class=\"vc_column-inner\"><div class=\"wpb_wrapper\">\n\t<div class=\"wpb_text_column wpb_content_element\" >\n\t\t<div class=\"wpb_wrapper\">\n\t\t\t<h3>Contact Info<\/h3>\n\n\t\t<\/div>\n\t<\/div>\n\n\t<div class=\"wpb_text_column wpb_content_element\" >\n\t\t<div class=\"wpb_wrapper\">\n\t\t\t<h4>Address<\/h4>\n<p><strong>Head Office:<\/strong> Adalet Mah. Manas Bulvar\u0131 Folkart Towers \u00a0 \u00a0 \u00a0 \u00a0 \u00a0 \u00a0 Bayrakl\u0131 \/ \u0130zmir \/ T\u00fcrkiye<\/p>\n<p><strong>Production Facility:\u00a0<\/strong>Meri\u00e7 Mah. MTK Sitesi 6024 ada 5748\/5 Sk. No:7 \u00a0 \u00a0 \u00a0 \u00a0 \u00a0 \u00a0 \u00a0 \u00a0 \u00a0 \u00a0 \u00a0 \u00a0 \u00a0 \u00a0 \u00a0 \u00a0 \u00a0 \u00a0 \u00a0 Bornova \/ \u0130zmir \/ T\u00fcrkiye<\/p>\n<p><strong>\u00a0 Telephone:<\/strong><\/p>\n<ul>\n<li><\/li>\n<li>\n<h4>Mobil Phone<\/h4>\n<\/li>\n<li>\u00a0+90 539 597 78 19<\/li>\n<li>\n<h4>E-mail<\/h4>\n<p>info@jophielle.com.tr<\/li>\n<\/ul>\n\n\t\t<\/div>\n\t<\/div>\n<\/div><\/div><\/div><div class=\"wpb_column vc_column_container vc_col-sm-12 vc_col-lg-1 vc_col-md-1 vc_hidden-sm\"><div class=\"vc_column-inner\"><div class=\"wpb_wrapper\"><\/div><\/div><\/div><\/div><\/div>","protected":false},"excerpt":{"rendered":"\u0130leti\u015fim Bilgileri Adres Bilgileri Merkez Ofis: Adalet Mah. Manas Bulvar\u0131 Folkart Towers \u00a0 \u00a0 \u00a0 \u00a0 \u00a0 \u00a0 Bayrakl\u0131 \/ \u0130zmir \/ T\u00fcrkiye \u00dcretim Tesisi:\u00a0Meri\u00e7 Mah. MTK Sitesi 6024 ada 5748\/5 Sk. No:7 \u00a0 \u00a0 \u00a0 \u00a0 \u00a0 \u00a0 \u00a0","protected":false},"author":3,"featured_media":0,"parent":0,"menu_order":0,"comment_status":"closed","ping_status":"closed","template":"page-templates\/contact-page.php","meta":{"footnotes":""},"_links":{"self":[{"href":"https:\/\/www.jophielle.com.tr\/en\/wp-json\/wp\/v2\/pages\/61"}],"collection":[{"href":"https:\/\/www.jophielle.com.tr\/en\/wp-json\/wp\/v2\/pages"}],"about":[{"href":"https:\/\/www.jophielle.com.tr\/en\/wp-json\/wp\/v2\/types\/page"}],"author":[{"embeddable":true,"href":"https:\/\/www.jophielle.com.tr\/en\/wp-json\/wp\/v2\/users\/3"}],"replies":[{"embeddable":true,"href":"https:\/\/www.jophielle.com.tr\/en\/wp-json\/wp\/v2\/comments?post=61"}],"version-history":[{"count":14,"href":"https:\/\/www.jophielle.com.tr\/en\/wp-json\/wp\/v2\/pages\/61\/revisions"}],"predecessor-version":[{"id":87337,"href":"https:\/\/www.jophielle.com.tr\/en\/wp-json\/wp\/v2\/pages\/61\/revisions\/87337"}],"wp:attachment":[{"href":"https:\/\/www.jophielle.com.tr\/en\/wp-json\/wp\/v2\/media?parent=61"}],"curies":[{"name":"wp","href":"https:\/\/api.w.org\/{rel}","templated":true}]}}