{"id":17605,"date":"2021-01-08T14:24:13","date_gmt":"2021-01-08T14:24:13","guid":{"rendered":"https:\/\/www.jophielle.com.tr\/?post_type=product&#038;p=17605"},"modified":"2023-11-14T12:27:07","modified_gmt":"2023-11-14T12:27:07","slug":"nemlendirici-yuz-losyonu-400-ml","status":"publish","type":"product","link":"https:\/\/www.jophielle.com.tr\/en\/product\/nemlendirici-yuz-losyonu-400-ml\/","title":{"rendered":"MOISTURIZING LOTION 400 ML"},"content":{"rendered":"<p><strong>Active Ingredients \/ Natural oils \/ Supplementary Vitamins<\/strong><\/p>\n<p><strong>Hemp Oil:<\/strong>With its high content of Vitamin E, it may assist in the cell renewal of the skin. Its antioxidant properties help reduce the appearance of skin imperfections and sensitivity, supporting the protection and strengthening of the skin<\/p>\n<p><strong>Pro Vitamin B5:<\/strong> H\u00fccre yenilenmesini artt\u0131r\u0131c\u0131 etkisinden dolay\u0131, cilt dokusunun h\u0131zl\u0131 onar\u0131lmas\u0131na ve iyile\u015fmesine yard\u0131mc\u0131 olur. Cildi diren\u00e7li hale getirir.<\/p>\n<p><strong>Glycerin:<\/strong> Glycerin, a natural water-holding component, is mainly used to increase skin moisture. It helps the skin regain its natural moisture balance and contributes to protecting the skin barrier from harmful external factors. With its cleansing feature, it easily removes residues and impurities from the skin during face washing, providing a moist feeling and a soft skin appearance after washing. Being a water-holding component, it helps prevent problems such as cracking and peeling due to excessive moisture loss in the skin.<\/p>\n<p><strong>Olus Oil:<\/strong>It is a plant-derived emollient. Being hypoallergenic, it is suitable for use by individuals with the driest and most sensitive skin types.<\/p>\n<p><strong>What\u2019s in its Content?<\/strong><\/p>\n<p>It does not contain animal substances, dyes, gluten, parabens, silicones, sulfates.<\/p>\n<p><strong>How to use?<\/strong><\/p>\n<p>In the morning and evening, a adequate amount of lotion is applied to the clean face area by massaging.<\/p>","protected":false},"excerpt":{"rendered":"<p><strong>Jophielle Moisturuizng Face Lotion helps to mousturize the cleansed skin with natural extracts such as Pro-Vitamin B5 and hemp oil with its enhanced formula.This lotion is developed by for normal and oily skin,and it helps your dry and sensitive skin to be kept flexible and moist with its light and effective structure.<\/strong><\/p>","protected":false},"featured_media":32005,"template":"","meta":[],"_links":{"self":[{"href":"https:\/\/www.jophielle.com.tr\/en\/wp-json\/wp\/v2\/product\/17605"}],"collection":[{"href":"https:\/\/www.jophielle.com.tr\/en\/wp-json\/wp\/v2\/product"}],"about":[{"href":"https:\/\/www.jophielle.com.tr\/en\/wp-json\/wp\/v2\/types\/product"}],"wp:featuredmedia":[{"embeddable":true,"href":"https:\/\/www.jophielle.com.tr\/en\/wp-json\/wp\/v2\/media\/32005"}],"wp:attachment":[{"href":"https:\/\/www.jophielle.com.tr\/en\/wp-json\/wp\/v2\/media?parent=17605"}],"curies":[{"name":"wp","href":"https:\/\/api.w.org\/{rel}","templated":true}]}}