{"id":17614,"date":"2021-01-08T14:41:05","date_gmt":"2021-01-08T14:41:05","guid":{"rendered":"https:\/\/www.jophielle.com.tr\/?post_type=product&#038;p=17614"},"modified":"2023-11-14T13:10:17","modified_gmt":"2023-11-14T13:10:17","slug":"normal-ciltler-icin-tonik-400-ml","status":"publish","type":"product","link":"https:\/\/www.jophielle.com.tr\/en\/product\/normal-ciltler-icin-tonik-400-ml\/","title":{"rendered":"PERFECTLY CLEAN TONER 100 ML"},"content":{"rendered":"<p><strong>ACTIVE INGREDIENTS \/ NATURAL OILS \/ SUPPORTIVE VITAMINS<\/strong><\/p>\n<p><strong>Lavender Flower Extract:<\/strong> Lavanta; kalsiyum, A ve C vitaminleri a\u00e7\u0131s\u0131ndan olduk\u00e7a zengin bir antioksidand\u0131r. Antiseptik ve antifungal olmas\u0131 nedeniyle de cilt i\u00e7in g\u00fc\u00e7l\u00fc bir temizleyici g\u00f6revi g\u00f6r\u00fcr. Ayr\u0131ca cilt h\u00fccrelerinde oksijen miktar\u0131n\u0131 art\u0131rarak dola\u015f\u0131m sistemini g\u00fc\u00e7lendirir, bu sayede cildin daha gen\u00e7 ve \u0131\u015f\u0131lt\u0131l\u0131 g\u00f6r\u00fcnmesine yard\u0131mc\u0131 olur.<\/p>\n<p><strong>What\u2019s in its Content?<\/strong><\/p>\n<p>It does not contain animal substances, dyes, gluten, parabens, silicones, sulfates.<\/p>\n<p><strong>How to use?<\/strong><\/p>\n<p>Gently apply to clean skin in the morning and\/or evening with the help of cotton.<\/p>","protected":false},"excerpt":{"rendered":"<p><strong>Jophielle Angel\u2019s Light Perfectly Clean Tonic for Normal Skin has an effective formula with Herbal extract.It easily removes dirt and makeup residues accumulated on the skin throughout the day. The Lavender Flower Extract in its composition increases the amount of oxygen penetrating the skin with its effect on the circulatory system, helping the skin appear younger, radiant, and smooth.<\/strong><\/p>","protected":false},"featured_media":32006,"template":"","meta":[],"_links":{"self":[{"href":"https:\/\/www.jophielle.com.tr\/en\/wp-json\/wp\/v2\/product\/17614"}],"collection":[{"href":"https:\/\/www.jophielle.com.tr\/en\/wp-json\/wp\/v2\/product"}],"about":[{"href":"https:\/\/www.jophielle.com.tr\/en\/wp-json\/wp\/v2\/types\/product"}],"wp:featuredmedia":[{"embeddable":true,"href":"https:\/\/www.jophielle.com.tr\/en\/wp-json\/wp\/v2\/media\/32006"}],"wp:attachment":[{"href":"https:\/\/www.jophielle.com.tr\/en\/wp-json\/wp\/v2\/media?parent=17614"}],"curies":[{"name":"wp","href":"https:\/\/api.w.org\/{rel}","templated":true}]}}